{"id":190,"date":"2024-02-14T21:18:52","date_gmt":"2024-02-14T20:18:52","guid":{"rendered":"https:\/\/www.generalconsulatmalilyon.com\/?page_id=190"},"modified":"2024-02-27T21:31:38","modified_gmt":"2024-02-27T20:31:38","slug":"pour-les-requetes-en-divorce","status":"publish","type":"page","link":"https:\/\/www.generalconsulatmalilyon.com\/?page_id=190","title":{"rendered":"POUR LES REQU\u00caTES EN DIVORCE"},"content":{"rendered":"\n<p class=\"has-vivid-green-cyan-background-color has-background has-medium-font-size\"><strong>Pour une requ\u00eate en divorce l&rsquo;usager doit faire une demande \u00e9crite adress\u00e9e \u00e0 Monsieur le Consul G\u00e9n\u00e9ral avec les coordonn\u00e9es des \u00e9poux ou une demande conjointe en cas de divorce par consentement mutuel accompagn\u00e9e des pi\u00e8ces suivantes:<\/strong><\/p>\n\n\n\n<ul class=\"wp-block-list\">\n<li class=\"has-medium-font-size\"><strong>la photocopie de l&rsquo;acte de mariage;<\/strong><\/li>\n\n\n\n<li class=\"has-medium-font-size\"><strong>la photocopie du livret de famille ou les actes de naissances des enfants;<\/strong><\/li>\n\n\n\n<li class=\"has-medium-font-size\"><strong>la photocopie de la carte d&rsquo;identit\u00e9 consulaire ou la carte NINA ou la fiche descriptive<\/strong> <strong>individuelle ou<\/strong> <strong>la photocopie du passeport en cours de validit\u00e9;<\/strong><\/li>\n\n\n\n<li class=\"has-medium-font-size\"><strong>les copies de toutes autres pi\u00e8ces utiles pour la proc\u00e9dure.<\/strong>  <\/li>\n<\/ul>\n\n\n\n<p class=\"has-luminous-vivid-amber-background-color has-background has-medium-font-size\"><strong>NB: D\u00e9poser le dossier au secr\u00e9tariat ou l&rsquo;envoyer par courrier <\/strong><\/p>\n\n\n\n<p class=\"has-black-color has-pale-cyan-blue-background-color has-text-color has-background has-link-color has-medium-font-size wp-elements-97243ec288dd65ec959b8c7f630e114c\"><strong>JE CONFIRME AVOIR BIEN PRIS NOTE DES INFORMATIONS CI-DESSUS EN DONNANT MON NOM ET MON ADRESSE EMAIL.<\/strong><\/p>\n\n\n\n<div class=\"wp-block-contact-form-7-contact-form-selector\">\n<div class=\"wpcf7 no-js\" id=\"wpcf7-f675-o1\" lang=\"fr-FR\" dir=\"ltr\" data-wpcf7-id=\"675\">\n<div class=\"screen-reader-response\"><p role=\"status\" aria-live=\"polite\" aria-atomic=\"true\"><\/p> <ul><\/ul><\/div>\n<form action=\"\/index.php?rest_route=%2Fwp%2Fv2%2Fpages%2F190#wpcf7-f675-o1\" method=\"post\" class=\"wpcf7-form init\" aria-label=\"Formulaire de contact\" novalidate=\"novalidate\" data-status=\"init\">\n<fieldset class=\"hidden-fields-container\"><input type=\"hidden\" name=\"_wpcf7\" value=\"675\" \/><input type=\"hidden\" name=\"_wpcf7_version\" value=\"6.1.5\" \/><input type=\"hidden\" name=\"_wpcf7_locale\" value=\"fr_FR\" \/><input type=\"hidden\" name=\"_wpcf7_unit_tag\" value=\"wpcf7-f675-o1\" \/><input type=\"hidden\" name=\"_wpcf7_container_post\" value=\"0\" \/><input type=\"hidden\" name=\"_wpcf7_posted_data_hash\" value=\"\" \/><input type=\"hidden\" name=\"redirect_nonce\" value=\"34eb0d32c2\" \/><input type=\"hidden\" name=\"wpcf7cfpdf_hidden_name\" value=\"document-pdf\" \/><input type=\"hidden\" name=\"wpcf7cfpdf_hidden_reference\" value=\"33d4c02d\" \/><input type=\"hidden\" name=\"wpcf7cfpdf_hidden_date\" value=\"04172026\" \/>\n<\/fieldset>\n<p><label> Votre nom<br \/>\n<span class=\"wpcf7-form-control-wrap\" data-name=\"your-name\"><input size=\"40\" maxlength=\"400\" class=\"wpcf7-form-control wpcf7-text wpcf7-validates-as-required\" autocomplete=\"name\" aria-required=\"true\" aria-invalid=\"false\" value=\"\" type=\"text\" name=\"your-name\" \/><\/span> <\/label>.\n<\/p>\n<p><label> Votre e-mail<br \/>\n<span class=\"wpcf7-form-control-wrap\" data-name=\"your-email\"><input size=\"40\" maxlength=\"400\" class=\"wpcf7-form-control wpcf7-email wpcf7-validates-as-required wpcf7-text wpcf7-validates-as-email\" autocomplete=\"email\" aria-required=\"true\" aria-invalid=\"false\" value=\"\" type=\"email\" name=\"your-email\" \/><\/span> <\/label>.\n<\/p>\n<p><label> MAINTENANT COCHER LA CASE ET CHOISIR UNE DATE DE RENDEZ-VOUS <\/label><br \/>\n<label>.<span class=\"wpcf7-form-control-wrap\" data-name=\"acceptance-813\"><span class=\"wpcf7-form-control wpcf7-acceptance\"><span class=\"wpcf7-list-item\"><input type=\"checkbox\" name=\"acceptance-813\" value=\"1\" aria-invalid=\"false\" \/><\/span><\/span><\/span> <\/label>.\n<\/p>\n<p><input class=\"wpcf7-form-control wpcf7-submit has-spinner\" type=\"submit\" value=\"Envoyer\" \/>\n<\/p>\n<p><script>\ndocument.addEventListener( 'wpcf7mailsent', function( event ) {\n location = 'https:\/\/generalconsulatmalilyon.com\/?page_id=520';\n}, false );\n<\/script>\n<\/p><p style=\"display: none !important;\" class=\"akismet-fields-container\" data-prefix=\"_wpcf7_ak_\"><label>&#916;<textarea name=\"_wpcf7_ak_hp_textarea\" cols=\"45\" rows=\"8\" maxlength=\"100\"><\/textarea><\/label><input type=\"hidden\" id=\"ak_js_1\" name=\"_wpcf7_ak_js\" value=\"210\"\/><script>document.getElementById( \"ak_js_1\" ).setAttribute( \"value\", ( new Date() ).getTime() );<\/script><\/p><div class=\"wpcf7-response-output\" aria-hidden=\"true\"><\/div>\n<\/form>\n<\/div>\n<\/div>\n","protected":false},"excerpt":{"rendered":"<p>Pour une requ\u00eate en divorce l&rsquo;usager doit faire une demande \u00e9crite adress\u00e9e \u00e0 Monsieur le Consul G\u00e9n\u00e9ral avec les coordonn\u00e9es des \u00e9poux ou une demande conjointe en cas de divorce par consentement mutuel accompagn\u00e9e des pi\u00e8ces suivantes: NB: D\u00e9poser le dossier au secr\u00e9tariat ou l&rsquo;envoyer par courrier JE CONFIRME AVOIR BIEN PRIS NOTE DES INFORMATIONS [&hellip;]<\/p>\n","protected":false},"author":1,"featured_media":0,"parent":0,"menu_order":0,"comment_status":"closed","ping_status":"closed","template":"","meta":{"content-type":"","footnotes":""},"class_list":["post-190","page","type-page","status-publish","hentry"],"_links":{"self":[{"href":"https:\/\/www.generalconsulatmalilyon.com\/index.php?rest_route=\/wp\/v2\/pages\/190","targetHints":{"allow":["GET"]}}],"collection":[{"href":"https:\/\/www.generalconsulatmalilyon.com\/index.php?rest_route=\/wp\/v2\/pages"}],"about":[{"href":"https:\/\/www.generalconsulatmalilyon.com\/index.php?rest_route=\/wp\/v2\/types\/page"}],"author":[{"embeddable":true,"href":"https:\/\/www.generalconsulatmalilyon.com\/index.php?rest_route=\/wp\/v2\/users\/1"}],"replies":[{"embeddable":true,"href":"https:\/\/www.generalconsulatmalilyon.com\/index.php?rest_route=%2Fwp%2Fv2%2Fcomments&post=190"}],"version-history":[{"count":4,"href":"https:\/\/www.generalconsulatmalilyon.com\/index.php?rest_route=\/wp\/v2\/pages\/190\/revisions"}],"predecessor-version":[{"id":692,"href":"https:\/\/www.generalconsulatmalilyon.com\/index.php?rest_route=\/wp\/v2\/pages\/190\/revisions\/692"}],"wp:attachment":[{"href":"https:\/\/www.generalconsulatmalilyon.com\/index.php?rest_route=%2Fwp%2Fv2%2Fmedia&parent=190"}],"curies":[{"name":"wp","href":"https:\/\/api.w.org\/{rel}","templated":true}]}}