{"id":194,"date":"2024-02-14T21:24:20","date_gmt":"2024-02-14T20:24:20","guid":{"rendered":"https:\/\/www.generalconsulatmalilyon.com\/?page_id=194"},"modified":"2024-02-27T21:25:22","modified_gmt":"2024-02-27T20:25:22","slug":"transcription-dacte-de-deces","status":"publish","type":"page","link":"https:\/\/www.generalconsulatmalilyon.com\/?page_id=194","title":{"rendered":"TRANSCRIPTION D&rsquo;ACTE DE DECES"},"content":{"rendered":"\n<h2 class=\"wp-block-heading has-black-color has-light-green-cyan-background-color has-text-color has-background has-link-color has-large-font-size wp-elements-257e0c9914a29ecca7751665d57563d9\">Pour toute demande de transcription d&rsquo;un acte de d\u00e9c\u00e8s, l&rsquo;usager doit se munir de:<\/h2>\n\n\n\n<h2 class=\"wp-block-heading has-black-color has-light-green-cyan-background-color has-text-color has-background has-link-color has-medium-font-size wp-elements-ca7b538eee83e59cffc5c650f9149aee\">&#8211; la copie int\u00e9grale de l&rsquo;acte de d\u00e9c\u00e8s de moins de trois (3) mois;<\/h2>\n\n\n\n<h2 class=\"wp-block-heading has-black-color has-light-green-cyan-background-color has-text-color has-background has-link-color has-medium-font-size wp-elements-fe1e7fc2bc3d97f8f9dd2e88ac1679b7\">&#8211; la photocopie de la carte d&rsquo;identit\u00e9 consulaire du d\u00e9funt ou la carte NINA (recto-verso) ou la fiche descriptive individuelle du d\u00e9funt ou la photocopie de la carte d&rsquo;identit\u00e9 consulaire ou la carte NINA ou la fiche descriptive individuelle du demandeur ;<\/h2>\n\n\n\n<h2 class=\"wp-block-heading has-black-color has-light-green-cyan-background-color has-text-color has-background has-link-color has-medium-font-size wp-elements-0ef46190c455fc3ed248b99d34a90686\">&#8211; justificatif de domicile du d\u00e9clarant (quittance de loyer, facture EDF, attestation d&rsquo;h\u00e9bergement).<\/h2>\n\n\n\n<h2 class=\"wp-block-heading has-black-color has-luminous-vivid-amber-background-color has-text-color has-background has-link-color wp-elements-32e24089359deae44f892fa6441f71c7\">NB: Pour toute demande l&rsquo;usager doit nous envoyer ses documents et son num\u00e9ro de t\u00e9l\u00e9phone avant le jour du rendez-vous \u00e0 l&rsquo;adresse: sectionetatcivil@consulat-mali-lyon.fr<\/h2>\n\n\n\n<p class=\"has-vivid-red-color has-pale-cyan-blue-background-color has-text-color has-background has-link-color has-large-font-size wp-elements-26877bf08dafb60fed30c76a9fce9f08\"><strong>Pour prendre rendez-vous cocher dans la case ci-dessous et envoyer.<\/strong><\/p>\n\n\n\n<p class=\"has-black-color has-light-green-cyan-background-color has-text-color has-background has-link-color has-medium-font-size wp-elements-70adb2d1ad20d10145c25992ee36cc9b\"><strong>JE CONFIRME AVOIR BIEN PRIS NOTE DES INFORMATIONS CI-DESSUS EN DONNANT MON NOM ET MON ADRESSE EMAIL.<\/strong><\/p>\n\n\n\n<div class=\"wp-block-contact-form-7-contact-form-selector\">\n<div class=\"wpcf7 no-js\" id=\"wpcf7-f677-o1\" lang=\"fr-FR\" dir=\"ltr\" data-wpcf7-id=\"677\">\n<div class=\"screen-reader-response\"><p role=\"status\" aria-live=\"polite\" aria-atomic=\"true\"><\/p> <ul><\/ul><\/div>\n<form action=\"\/index.php?rest_route=%2Fwp%2Fv2%2Fpages%2F194#wpcf7-f677-o1\" method=\"post\" class=\"wpcf7-form init\" aria-label=\"Formulaire de contact\" novalidate=\"novalidate\" data-status=\"init\">\n<fieldset class=\"hidden-fields-container\"><input type=\"hidden\" name=\"_wpcf7\" value=\"677\" \/><input type=\"hidden\" name=\"_wpcf7_version\" value=\"6.1.5\" \/><input type=\"hidden\" name=\"_wpcf7_locale\" value=\"fr_FR\" \/><input type=\"hidden\" name=\"_wpcf7_unit_tag\" value=\"wpcf7-f677-o1\" \/><input type=\"hidden\" name=\"_wpcf7_container_post\" value=\"0\" \/><input type=\"hidden\" name=\"_wpcf7_posted_data_hash\" value=\"\" \/><input type=\"hidden\" name=\"redirect_nonce\" value=\"ee29b10a11\" \/><input type=\"hidden\" name=\"wpcf7cfpdf_hidden_name\" value=\"document-pdf\" \/><input type=\"hidden\" name=\"wpcf7cfpdf_hidden_reference\" value=\"00ac06f3\" \/><input type=\"hidden\" name=\"wpcf7cfpdf_hidden_date\" value=\"04302026\" \/>\n<\/fieldset>\n<p><label> Votre nom<br \/>\n<span class=\"wpcf7-form-control-wrap\" data-name=\"your-name\"><input size=\"40\" maxlength=\"400\" class=\"wpcf7-form-control wpcf7-text wpcf7-validates-as-required\" autocomplete=\"name\" aria-required=\"true\" aria-invalid=\"false\" value=\"\" type=\"text\" name=\"your-name\" \/><\/span> <\/label>.\n<\/p>\n<p><label> Votre e-mail<br \/>\n<span class=\"wpcf7-form-control-wrap\" data-name=\"your-email\"><input size=\"40\" maxlength=\"400\" class=\"wpcf7-form-control wpcf7-email wpcf7-validates-as-required wpcf7-text wpcf7-validates-as-email\" autocomplete=\"email\" aria-required=\"true\" aria-invalid=\"false\" value=\"\" type=\"email\" name=\"your-email\" \/><\/span> <\/label>.\n<\/p>\n<p><label> MAINTENANT COCHER LA CASE ET CHOISIR UNE DATE DE RENDEZ-VOUS <\/label><br \/>\n<label>.<span class=\"wpcf7-form-control-wrap\" data-name=\"acceptance-813\"><span class=\"wpcf7-form-control wpcf7-acceptance\"><span class=\"wpcf7-list-item\"><input type=\"checkbox\" name=\"acceptance-813\" value=\"1\" aria-invalid=\"false\" \/><\/span><\/span><\/span> <\/label>.\n<\/p>\n<p><input class=\"wpcf7-form-control wpcf7-submit has-spinner\" type=\"submit\" value=\"Envoyer\" \/>\n<\/p>\n<p><script>\ndocument.addEventListener( 'wpcf7mailsent', function( event ) {\n location = 'https:\/\/generalconsulatmalilyon.com\/?page_id=301';\n}, false );\n<\/script>\n<\/p><p style=\"display: none !important;\" class=\"akismet-fields-container\" data-prefix=\"_wpcf7_ak_\"><label>&#916;<textarea name=\"_wpcf7_ak_hp_textarea\" cols=\"45\" rows=\"8\" maxlength=\"100\"><\/textarea><\/label><input type=\"hidden\" id=\"ak_js_1\" name=\"_wpcf7_ak_js\" value=\"91\"\/><script>document.getElementById( \"ak_js_1\" ).setAttribute( \"value\", ( new Date() ).getTime() );<\/script><\/p><div class=\"wpcf7-response-output\" aria-hidden=\"true\"><\/div>\n<\/form>\n<\/div>\n<\/div>\n","protected":false},"excerpt":{"rendered":"<p>Pour toute demande de transcription d&rsquo;un acte de d\u00e9c\u00e8s, l&rsquo;usager doit se munir de: &#8211; la copie int\u00e9grale de l&rsquo;acte de d\u00e9c\u00e8s de moins de trois (3) mois; &#8211; la photocopie de la carte d&rsquo;identit\u00e9 consulaire du d\u00e9funt ou la carte NINA (recto-verso) ou la fiche descriptive individuelle du d\u00e9funt ou la photocopie de la [&hellip;]<\/p>\n","protected":false},"author":1,"featured_media":0,"parent":0,"menu_order":0,"comment_status":"closed","ping_status":"closed","template":"","meta":{"content-type":"","footnotes":""},"class_list":["post-194","page","type-page","status-publish","hentry"],"_links":{"self":[{"href":"https:\/\/www.generalconsulatmalilyon.com\/index.php?rest_route=\/wp\/v2\/pages\/194","targetHints":{"allow":["GET"]}}],"collection":[{"href":"https:\/\/www.generalconsulatmalilyon.com\/index.php?rest_route=\/wp\/v2\/pages"}],"about":[{"href":"https:\/\/www.generalconsulatmalilyon.com\/index.php?rest_route=\/wp\/v2\/types\/page"}],"author":[{"embeddable":true,"href":"https:\/\/www.generalconsulatmalilyon.com\/index.php?rest_route=\/wp\/v2\/users\/1"}],"replies":[{"embeddable":true,"href":"https:\/\/www.generalconsulatmalilyon.com\/index.php?rest_route=%2Fwp%2Fv2%2Fcomments&post=194"}],"version-history":[{"count":4,"href":"https:\/\/www.generalconsulatmalilyon.com\/index.php?rest_route=\/wp\/v2\/pages\/194\/revisions"}],"predecessor-version":[{"id":685,"href":"https:\/\/www.generalconsulatmalilyon.com\/index.php?rest_route=\/wp\/v2\/pages\/194\/revisions\/685"}],"wp:attachment":[{"href":"https:\/\/www.generalconsulatmalilyon.com\/index.php?rest_route=%2Fwp%2Fv2%2Fmedia&parent=194"}],"curies":[{"name":"wp","href":"https:\/\/api.w.org\/{rel}","templated":true}]}}